{"id":163,"date":"2025-06-05T09:12:24","date_gmt":"2025-06-05T07:12:24","guid":{"rendered":"https:\/\/etudiant11.vikapu.com\/?page_id=163"},"modified":"2025-06-05T11:16:21","modified_gmt":"2025-06-05T09:16:21","slug":"a-propos-de-nous","status":"publish","type":"page","link":"https:\/\/etudiant11.vikapu.com\/index.php\/a-propos-de-nous\/","title":{"rendered":"A propos de nous"},"content":{"rendered":"\t\t<div data-elementor-type=\"wp-page\" data-elementor-id=\"163\" class=\"elementor elementor-163\">\n\t\t\t\t<div class=\"elementor-element elementor-element-2f378d9e0 e-flex e-con-boxed wpr-particle-no wpr-jarallax-no wpr-parallax-no wpr-sticky-section-no e-con e-parent\" data-id=\"2f378d9e0\" data-element_type=\"container\" data-settings=\"{&quot;background_background&quot;:&quot;classic&quot;}\">\n\t\t\t\t\t<div class=\"e-con-inner\">\n\t\t\t\t<div class=\"elementor-element elementor-element-761b842a elementor-widget elementor-widget-heading\" data-id=\"761b842a\" data-element_type=\"widget\" data-widget_type=\"heading.default\">\n\t\t\t\t<div class=\"elementor-widget-container\">\n\t\t\t\t\t<h2 class=\"elementor-heading-title elementor-size-default\">A propos de nous<\/h2>\t\t\t\t<\/div>\n\t\t\t\t<\/div>\n\t\t\t\t\t<\/div>\n\t\t\t\t<\/div>\n\t\t<div class=\"elementor-element elementor-element-65e15236 e-con-full e-flex wpr-particle-no wpr-jarallax-no wpr-parallax-no wpr-sticky-section-no e-con e-parent\" data-id=\"65e15236\" data-element_type=\"container\">\n\t\t<div class=\"elementor-element elementor-element-4886f7b6 e-flex e-con-boxed wpr-particle-no wpr-jarallax-no wpr-parallax-no wpr-sticky-section-no elementor-invisible e-con e-child\" data-id=\"4886f7b6\" data-element_type=\"container\" data-settings=\"{&quot;animation&quot;:&quot;slideInLeft&quot;}\">\n\t\t\t\t\t<div class=\"e-con-inner\">\n\t\t\t\t<div class=\"elementor-element elementor-element-75d6d97c elementor-widget elementor-widget-image\" data-id=\"75d6d97c\" data-element_type=\"widget\" data-widget_type=\"image.default\">\n\t\t\t\t<div class=\"elementor-widget-container\">\n\t\t\t\t\t\t\t\t\t\t\t\t\t\t\t<img fetchpriority=\"high\" decoding=\"async\" width=\"310\" height=\"163\" src=\"https:\/\/etudiant11.vikapu.com\/wp-content\/uploads\/2025\/06\/images.jpg\" class=\"attachment-large size-large wp-image-170\" alt=\"\" srcset=\"https:\/\/etudiant11.vikapu.com\/wp-content\/uploads\/2025\/06\/images.jpg 310w, https:\/\/etudiant11.vikapu.com\/wp-content\/uploads\/2025\/06\/images-300x158.jpg 300w\" sizes=\"100vw\" \/>\t\t\t\t\t\t\t\t\t\t\t\t\t\t\t<\/div>\n\t\t\t\t<\/div>\n\t\t\t\t\t<\/div>\n\t\t\t\t<\/div>\n\t\t<div class=\"elementor-element elementor-element-701441f8 e-flex e-con-boxed wpr-particle-no wpr-jarallax-no wpr-parallax-no wpr-sticky-section-no elementor-invisible e-con e-child\" data-id=\"701441f8\" data-element_type=\"container\" data-settings=\"{&quot;animation&quot;:&quot;slideInRight&quot;}\">\n\t\t\t\t\t<div class=\"e-con-inner\">\n\t\t\t\t<div class=\"elementor-element elementor-element-7bb83ee7 elementor-widget elementor-widget-heading\" data-id=\"7bb83ee7\" data-element_type=\"widget\" data-widget_type=\"heading.default\">\n\t\t\t\t<div class=\"elementor-widget-container\">\n\t\t\t\t\t<h2 class=\"elementor-heading-title elementor-size-default\">Notre Passion, Votre Exp\u00e9rience<\/h2>\t\t\t\t<\/div>\n\t\t\t\t<\/div>\n\t\t\t\t<div class=\"elementor-element elementor-element-4e0b83c3 elementor-widget elementor-widget-text-editor\" data-id=\"4e0b83c3\" data-element_type=\"widget\" data-widget_type=\"text-editor.default\">\n\t\t\t\t<div class=\"elementor-widget-container\">\n\t\t\t\t\t\t\t\t\t<p>Nous sommes une entreprise bas\u00e9e en R\u00e9publique d\u00e9mocratique du Congo, dans la province du Sud-Kivu \u00e0 Bukavu, nous sommes sp\u00e9cialis\u00e9 dans le gaming. Nous cr\u00e9ons des salles de jeu \u00e0 travers le pays et nous vendons tout ce qui est en rapport avec elles. Notre objectif \u00e9tant de divertir, nous offrons aussi du travail \u00e0 ceux qui n&rsquo;en ont pas \u00e0 travers nos salle de jeu dans le pays et ainsi luttons contre le chaumage.<\/p><p>Chez <strong>GamezoneMile<\/strong>, nous croyons que le jeu est bien plus qu&rsquo;un simple divertissement. C&rsquo;est une exp\u00e9rience immersive qui rassemble les passionn\u00e9s et stimule la cr\u00e9ativit\u00e9. Que vous soyez amateur de jeux, comp\u00e9titeur en ligne ou explorateur de monde virtuels, nous avons tout pour alimenter votre passion!<\/p>\t\t\t\t\t\t\t\t<\/div>\n\t\t\t\t<\/div>\n\t\t\t\t<div class=\"elementor-element elementor-element-724f375d elementor-icon-list--layout-traditional elementor-list-item-link-full_width elementor-widget elementor-widget-icon-list\" data-id=\"724f375d\" data-element_type=\"widget\" data-widget_type=\"icon-list.default\">\n\t\t\t\t<div class=\"elementor-widget-container\">\n\t\t\t\t\t\t\t<ul class=\"elementor-icon-list-items\">\n\t\t\t\t\t\t\t<li class=\"elementor-icon-list-item\">\n\t\t\t\t\t\t\t\t\t\t\t<span class=\"elementor-icon-list-icon\">\n\t\t\t\t\t\t\t<svg aria-hidden=\"true\" class=\"e-font-icon-svg e-fas-check\" viewBox=\"0 0 512 512\" xmlns=\"http:\/\/www.w3.org\/2000\/svg\"><path d=\"M173.898 439.404l-166.4-166.4c-9.997-9.997-9.997-26.206 0-36.204l36.203-36.204c9.997-9.998 26.207-9.998 36.204 0L192 312.69 432.095 72.596c9.997-9.997 26.207-9.997 36.204 0l36.203 36.204c9.997 9.997 9.997 26.206 0 36.204l-294.4 294.401c-9.998 9.997-26.207 9.997-36.204-.001z\"><\/path><\/svg>\t\t\t\t\t\t<\/span>\n\t\t\t\t\t\t\t\t\t\t<span class=\"elementor-icon-list-text\">Nous offrons un large choix de jeux vid\u00e9o, de consoles dernier cri et de billard en bon \u00e9tat pour les amateurs, tout en conservant des salles de jeux \u00e9quip\u00e9es pour offrir des moments inoubliables.<\/span>\n\t\t\t\t\t\t\t\t\t<\/li>\n\t\t\t\t\t\t\t\t<li class=\"elementor-icon-list-item\">\n\t\t\t\t\t\t\t\t\t\t\t<span class=\"elementor-icon-list-icon\">\n\t\t\t\t\t\t\t<svg aria-hidden=\"true\" class=\"e-font-icon-svg e-fas-check\" viewBox=\"0 0 512 512\" xmlns=\"http:\/\/www.w3.org\/2000\/svg\"><path d=\"M173.898 439.404l-166.4-166.4c-9.997-9.997-9.997-26.206 0-36.204l36.203-36.204c9.997-9.998 26.207-9.998 36.204 0L192 312.69 432.095 72.596c9.997-9.997 26.207-9.997 36.204 0l36.203 36.204c9.997 9.997 9.997 26.206 0 36.204l-294.4 294.401c-9.998 9.997-26.207 9.997-36.204-.001z\"><\/path><\/svg>\t\t\t\t\t\t<\/span>\n\t\t\t\t\t\t\t\t\t\t<span class=\"elementor-icon-list-text\">Nous sommes pr\u00e9sentement dans 4 provinces: Sud-Kivu, Nord-Kivu, Kinshasa et Haut-Katanga.<\/span>\n\t\t\t\t\t\t\t\t\t<\/li>\n\t\t\t\t\t\t<\/ul>\n\t\t\t\t\t\t<\/div>\n\t\t\t\t<\/div>\n\t\t\t\t\t<\/div>\n\t\t\t\t<\/div>\n\t\t\t\t<\/div>\n\t\t<div class=\"elementor-element elementor-element-3777a897 e-flex e-con-boxed wpr-particle-no wpr-jarallax-no wpr-parallax-no wpr-sticky-section-no e-con e-parent\" data-id=\"3777a897\" data-element_type=\"container\">\n\t\t\t\t\t<div class=\"e-con-inner\">\n\t\t<div class=\"elementor-element elementor-element-4787def5 e-flex e-con-boxed wpr-particle-no wpr-jarallax-no wpr-parallax-no wpr-sticky-section-no e-con e-child\" data-id=\"4787def5\" data-element_type=\"container\">\n\t\t\t\t\t<div class=\"e-con-inner\">\n\t\t\t\t<div class=\"elementor-element elementor-element-e17d0e8 elementor-widget elementor-widget-heading\" data-id=\"e17d0e8\" data-element_type=\"widget\" data-widget_type=\"heading.default\">\n\t\t\t\t<div class=\"elementor-widget-container\">\n\t\t\t\t\t<h2 class=\"elementor-heading-title elementor-size-default\">Plus de d\u00e9tails<\/h2>\t\t\t\t<\/div>\n\t\t\t\t<\/div>\n\t\t<div class=\"elementor-element elementor-element-498b8e63 e-flex e-con-boxed wpr-particle-no wpr-jarallax-no wpr-parallax-no wpr-sticky-section-no e-con e-child\" data-id=\"498b8e63\" data-element_type=\"container\">\n\t\t\t\t\t<div class=\"e-con-inner\">\n\t\t\t\t<div class=\"elementor-element elementor-element-4679655e elementor-widget elementor-widget-text-editor\" data-id=\"4679655e\" data-element_type=\"widget\" data-widget_type=\"text-editor.default\">\n\t\t\t\t<div class=\"elementor-widget-container\">\n\t\t\t\t\t\t\t\t\t<p>Tenant compte de la passion partag\u00e9e avec les passionn\u00e9s de jeux, nous avons cr\u00e9er une branche de vente de jeux vid\u00e9o, des consoles de jeux \u00e0 des prix abordables pour que tout passionn\u00e9 en profite.<\/p><p>Pour en savoir plus sur nos autres services, cliquez sur le bouton ci-dessous:<\/p><p>\ud83d\udc47<\/p>\t\t\t\t\t\t\t\t<\/div>\n\t\t\t\t<\/div>\n\t\t\t\t\t<\/div>\n\t\t\t\t<\/div>\n\t\t\t\t\t<\/div>\n\t\t\t\t<\/div>\n\t\t\t\t\t<\/div>\n\t\t\t\t<\/div>\n\t\t<div class=\"elementor-element elementor-element-e4d05f7 e-con-full e-flex wpr-particle-no wpr-jarallax-no wpr-parallax-no wpr-sticky-section-no e-con e-parent\" data-id=\"e4d05f7\" data-element_type=\"container\">\n\t\t\t\t<div class=\"elementor-element elementor-element-381e711 elementor-widget elementor-widget-button\" data-id=\"381e711\" data-element_type=\"widget\" data-widget_type=\"button.default\">\n\t\t\t\t<div class=\"elementor-widget-container\">\n\t\t\t\t\t\t\t\t\t<div class=\"elementor-button-wrapper\">\n\t\t\t\t\t<a class=\"elementor-button elementor-button-link elementor-size-sm\" href=\"https:\/\/etudiant11.vikapu.com\/index.php\/autres-services\/\">\n\t\t\t\t\t\t<span class=\"elementor-button-content-wrapper\">\n\t\t\t\t\t\t\t\t\t<span class=\"elementor-button-text\">Cliquez ici<\/span>\n\t\t\t\t\t<\/span>\n\t\t\t\t\t<\/a>\n\t\t\t\t<\/div>\n\t\t\t\t\t\t\t\t<\/div>\n\t\t\t\t<\/div>\n\t\t\t\t<\/div>\n\t\t\t\t<\/div>\n\t\t","protected":false},"excerpt":{"rendered":"<p>A propos de nous Notre Passion, Votre Exp\u00e9rience Nous sommes une entreprise bas\u00e9e en R\u00e9publique d\u00e9mocratique du Congo, dans la province du Sud-Kivu \u00e0 Bukavu, nous sommes sp\u00e9cialis\u00e9 dans le gaming. Nous cr\u00e9ons des salles de jeu \u00e0 travers le pays et nous vendons tout ce qui est en rapport avec elles. Notre objectif \u00e9tant de divertir, nous offrons aussi du travail \u00e0 ceux qui n&rsquo;en ont pas \u00e0 travers nos salle de jeu dans le pays et ainsi luttons contre le chaumage. Chez GamezoneMile, nous croyons que le jeu est bien plus qu&rsquo;un simple divertissement. C&rsquo;est une exp\u00e9rience immersive qui rassemble les passionn\u00e9s et stimule la cr\u00e9ativit\u00e9. Que vous soyez amateur de jeux, comp\u00e9titeur en ligne ou explorateur de monde virtuels, nous avons tout pour alimenter votre passion! Nous offrons un large choix de jeux vid\u00e9o, de consoles dernier cri et de billard en bon \u00e9tat pour les amateurs, tout en conservant des salles de jeux \u00e9quip\u00e9es pour offrir des moments inoubliables. Nous sommes pr\u00e9sentement dans 4 provinces: Sud-Kivu, Nord-Kivu, Kinshasa et Haut-Katanga. Plus de d\u00e9tails Tenant compte de la passion partag\u00e9e avec les passionn\u00e9s de jeux, nous avons cr\u00e9er une branche de vente de jeux vid\u00e9o, des consoles de jeux \u00e0 des prix abordables pour que tout passionn\u00e9 en profite. Pour en savoir plus sur nos autres services, cliquez sur le bouton ci-dessous: \ud83d\udc47 Cliquez ici<\/p>\n","protected":false},"author":1,"featured_media":0,"parent":0,"menu_order":0,"comment_status":"closed","ping_status":"closed","template":"elementor_header_footer","meta":{"footnotes":""},"class_list":["post-163","page","type-page","status-publish","hentry"],"_links":{"self":[{"href":"https:\/\/etudiant11.vikapu.com\/index.php\/wp-json\/wp\/v2\/pages\/163","targetHints":{"allow":["GET"]}}],"collection":[{"href":"https:\/\/etudiant11.vikapu.com\/index.php\/wp-json\/wp\/v2\/pages"}],"about":[{"href":"https:\/\/etudiant11.vikapu.com\/index.php\/wp-json\/wp\/v2\/types\/page"}],"author":[{"embeddable":true,"href":"https:\/\/etudiant11.vikapu.com\/index.php\/wp-json\/wp\/v2\/users\/1"}],"replies":[{"embeddable":true,"href":"https:\/\/etudiant11.vikapu.com\/index.php\/wp-json\/wp\/v2\/comments?post=163"}],"version-history":[{"count":25,"href":"https:\/\/etudiant11.vikapu.com\/index.php\/wp-json\/wp\/v2\/pages\/163\/revisions"}],"predecessor-version":[{"id":254,"href":"https:\/\/etudiant11.vikapu.com\/index.php\/wp-json\/wp\/v2\/pages\/163\/revisions\/254"}],"wp:attachment":[{"href":"https:\/\/etudiant11.vikapu.com\/index.php\/wp-json\/wp\/v2\/media?parent=163"}],"curies":[{"name":"wp","href":"https:\/\/api.w.org\/{rel}","templated":true}]}}